{"id":45,"date":"2018-01-23T19:35:47","date_gmt":"2018-01-23T17:35:47","guid":{"rendered":"http:\/\/pohjanmaaralli.fi\/wp2\/?page_id=45"},"modified":"2023-12-29T10:31:56","modified_gmt":"2023-12-29T08:31:56","slug":"pohjanmaa-ralli","status":"publish","type":"page","link":"https:\/\/pohjanmaaralli.fi\/en\/pohjanmaa-ralli\/","title":{"rendered":"Pohjanmaa Rally"},"content":{"rendered":"<style>.kb-row-layout-id45_4c6f3b-27 > .kt-row-column-wrap{align-content:start;}:where(.kb-row-layout-id45_4c6f3b-27 > .kt-row-column-wrap) > .wp-block-kadence-column{justify-content:start;}.kb-row-layout-id45_4c6f3b-27 > .kt-row-column-wrap{column-gap:var(--global-kb-gap-md, 2rem);row-gap:var(--global-kb-gap-md, 2rem);padding-top:var(--global-kb-spacing-sm, 1.5rem);padding-bottom:var(--global-kb-spacing-sm, 1.5rem);grid-template-columns:repeat(2, minmax(0, 1fr));}.kb-row-layout-id45_4c6f3b-27 > .kt-row-layout-overlay{opacity:0.30;}@media all and (max-width: 1024px){.kb-row-layout-id45_4c6f3b-27 > .kt-row-column-wrap{grid-template-columns:repeat(2, minmax(0, 1fr));}}@media all and (max-width: 767px){.kb-row-layout-id45_4c6f3b-27 > .kt-row-column-wrap{grid-template-columns:minmax(0, 1fr);}}<\/style><div class=\"kb-row-layout-wrap kb-row-layout-id45_4c6f3b-27 alignnone wp-block-kadence-rowlayout\"><div class=\"kt-row-column-wrap kt-has-2-columns kt-row-layout-equal kt-tab-layout-inherit kt-mobile-layout-row kt-row-valign-top\">\n<style>.kadence-column45_d6f002-a0 > .kt-inside-inner-col,.kadence-column45_d6f002-a0 > .kt-inside-inner-col:before{border-top-left-radius:0px;border-top-right-radius:0px;border-bottom-right-radius:0px;border-bottom-left-radius:0px;}.kadence-column45_d6f002-a0 > .kt-inside-inner-col{column-gap:var(--global-kb-gap-sm, 1rem);}.kadence-column45_d6f002-a0 > .kt-inside-inner-col{flex-direction:column;}.kadence-column45_d6f002-a0 > .kt-inside-inner-col > .aligncenter{width:100%;}.kadence-column45_d6f002-a0 > .kt-inside-inner-col:before{opacity:0.3;}.kadence-column45_d6f002-a0{position:relative;}@media all and (max-width: 1024px){.kadence-column45_d6f002-a0 > .kt-inside-inner-col{flex-direction:column;}}@media all and (max-width: 767px){.kadence-column45_d6f002-a0 > .kt-inside-inner-col{flex-direction:column;}}<\/style>\n<div class=\"wp-block-kadence-column kadence-column45_d6f002-a0\"><div class=\"kt-inside-inner-col\">\n<p><strong>ORGANIZING CLUBS:<\/strong><\/p>\n\n\n\n<p><a href=\"https:\/\/www.facebook.com\/groups\/682469791807564\/\">Alavuden Urheiluautoilij<\/a><a href=\"https:\/\/www.facebook.com\/groups\/682469791807564\/\" target=\"_blank\" rel=\"noreferrer noopener\">at<\/a><\/p>\n\n\n\n<p><a href=\"http:\/\/www.epua.fi\/\">Etel\u00e4-Pohjanmaan Urheiluaut<\/a><a href=\"http:\/\/www.epua.fi\/\" target=\"_blank\" rel=\"noreferrer noopener\">oilijat<\/a><\/p>\n\n\n\n<p><a href=\"https:\/\/www.facebook.com\/laihianUA\/\" target=\"_blank\" rel=\"noreferrer noopener\">Laihian Urheiluautoilijat<\/a><\/p>\n\n\n\n<p><a href=\"http:\/\/www.lapuanua.fi\/\" target=\"_blank\" rel=\"noreferrer noopener\">Lapuan Urheiluautoilijat<\/a><\/p>\n\n\n\n<p><a href=\"http:\/\/www.teambotnia.com\/\" target=\"_blank\" rel=\"noreferrer noopener\">Team Botnia<\/a><\/p>\n<\/div><\/div>\n\n\n<style>.kadence-column45_b20250-7f > .kt-inside-inner-col,.kadence-column45_b20250-7f > .kt-inside-inner-col:before{border-top-left-radius:0px;border-top-right-radius:0px;border-bottom-right-radius:0px;border-bottom-left-radius:0px;}.kadence-column45_b20250-7f > .kt-inside-inner-col{column-gap:var(--global-kb-gap-sm, 1rem);}.kadence-column45_b20250-7f > .kt-inside-inner-col{flex-direction:column;}.kadence-column45_b20250-7f > .kt-inside-inner-col > .aligncenter{width:100%;}.kadence-column45_b20250-7f > .kt-inside-inner-col:before{opacity:0.3;}.kadence-column45_b20250-7f{position:relative;}@media all and (max-width: 1024px){.kadence-column45_b20250-7f > .kt-inside-inner-col{flex-direction:column;}}@media all and (max-width: 767px){.kadence-column45_b20250-7f > .kt-inside-inner-col{flex-direction:column;}}<\/style>\n<div class=\"wp-block-kadence-column kadence-column45_b20250-7f\"><div class=\"kt-inside-inner-col\">\n<figure class=\"wp-block-image size-full\"><img loading=\"lazy\" decoding=\"async\" width=\"1280\" height=\"853\" src=\"https:\/\/pohjanmaaralli.fi\/wp-content\/uploads\/2023\/01\/thumbnail_Hannu-Rainamo__DSF7973-1.jpg\" alt=\"\" class=\"wp-image-1412\"\/><\/figure>\n<\/div><\/div>\n\n<\/div><\/div>","protected":false},"excerpt":{"rendered":"<p>ORGANIZING CLUBS: Alavuden Urheiluautoilijat Etel\u00e4-Pohjanmaan Urheiluautoilijat Laihian Urheiluautoilijat Lapuan Urheiluautoilijat Team Botnia<\/p>\n","protected":false},"author":2,"featured_media":0,"parent":0,"menu_order":0,"comment_status":"closed","ping_status":"closed","template":"","meta":{"_kad_blocks_custom_css":"","_kad_blocks_head_custom_js":"","_kad_blocks_body_custom_js":"","_kad_blocks_footer_custom_js":"","_kadence_starter_templates_imported_post":false,"_kad_post_transparent":"default","_kad_post_title":"default","_kad_post_layout":"default","_kad_post_sidebar_id":"","_kad_post_content_style":"default","_kad_post_vertical_padding":"default","_kad_post_feature":"","_kad_post_feature_position":"","_kad_post_header":false,"_kad_post_footer":false,"footnotes":""},"yoast_head":"<!-- This site is optimized with the Yoast SEO plugin v21.7 - https:\/\/yoast.com\/wordpress\/plugins\/seo\/ -->\n<title>SM Pohjanmaa-ralli - kuuden eri autourheiluseuran yhteisty\u00f6tapahtuma<\/title>\n<meta name=\"description\" content=\"SM Pohjanmaa-ralli j\u00e4rjestet\u00e4\u00e4n kuuden eri autourheiluseuran yhteisty\u00f6n\u00e4. J\u00e4rjest\u00e4v\u00e4t seurat: Alavuden Urheiluautoilijat, Etel\u00e4-Pohjanmaan Urheiluautoilijat, Laihian Urheiluautoilijat, Lapuan Urheiluautoilijat, Pohjankyr\u00f6n Urheiluautoilijat ja Team Botnia\" \/>\n<meta name=\"robots\" content=\"index, follow, max-snippet:-1, max-image-preview:large, max-video-preview:-1\" \/>\n<link rel=\"canonical\" href=\"https:\/\/pohjanmaaralli.fi\/en\/pohjanmaa-ralli\/\" \/>\n<meta property=\"og:locale\" content=\"en_US\" \/>\n<meta property=\"og:locale:alternate\" content=\"fi\" \/>\n<meta property=\"og:type\" content=\"article\" \/>\n<meta property=\"og:title\" content=\"SM Pohjanmaa-ralli - kuuden eri autourheiluseuran yhteisty\u00f6tapahtuma\" \/>\n<meta property=\"og:description\" content=\"SM Pohjanmaa-ralli j\u00e4rjestet\u00e4\u00e4n kuuden eri autourheiluseuran yhteisty\u00f6n\u00e4. J\u00e4rjest\u00e4v\u00e4t seurat: Alavuden Urheiluautoilijat, Etel\u00e4-Pohjanmaan Urheiluautoilijat, Laihian Urheiluautoilijat, Lapuan Urheiluautoilijat, Pohjankyr\u00f6n Urheiluautoilijat ja Team Botnia\" \/>\n<meta property=\"og:url\" content=\"https:\/\/pohjanmaaralli.fi\/en\/pohjanmaa-ralli\/\" \/>\n<meta property=\"og:site_name\" content=\"Pohjanmaa-ralli\" \/>\n<meta property=\"article:publisher\" content=\"https:\/\/fi-fi.facebook.com\/smpohjanmaaralli\/\" \/>\n<meta property=\"article:modified_time\" content=\"2023-12-29T08:31:56+00:00\" \/>\n<meta property=\"og:image\" content=\"https:\/\/pohjanmaaralli.fi\/wp-content\/uploads\/2023\/01\/thumbnail_Hannu-Rainamo__DSF7973-1.jpg\" \/>\n<meta name=\"twitter:card\" content=\"summary_large_image\" \/>\n<meta name=\"twitter:label1\" content=\"Est. reading time\" \/>\n\t<meta name=\"twitter:data1\" content=\"1 minute\" \/>\n<script type=\"application\/ld+json\" class=\"yoast-schema-graph\">{\"@context\":\"https:\/\/schema.org\",\"@graph\":[{\"@type\":\"WebPage\",\"@id\":\"https:\/\/pohjanmaaralli.fi\/en\/pohjanmaa-ralli\/\",\"url\":\"https:\/\/pohjanmaaralli.fi\/en\/pohjanmaa-ralli\/\",\"name\":\"SM Pohjanmaa-ralli - kuuden eri autourheiluseuran yhteisty\u00f6tapahtuma\",\"isPartOf\":{\"@id\":\"https:\/\/pohjanmaaralli.fi\/fi\/#website\"},\"datePublished\":\"2018-01-23T17:35:47+00:00\",\"dateModified\":\"2023-12-29T08:31:56+00:00\",\"description\":\"SM Pohjanmaa-ralli j\u00e4rjestet\u00e4\u00e4n kuuden eri autourheiluseuran yhteisty\u00f6n\u00e4. J\u00e4rjest\u00e4v\u00e4t seurat: Alavuden Urheiluautoilijat, Etel\u00e4-Pohjanmaan Urheiluautoilijat, Laihian Urheiluautoilijat, Lapuan Urheiluautoilijat, Pohjankyr\u00f6n Urheiluautoilijat ja Team Botnia\",\"breadcrumb\":{\"@id\":\"https:\/\/pohjanmaaralli.fi\/en\/pohjanmaa-ralli\/#breadcrumb\"},\"inLanguage\":\"en-US\",\"potentialAction\":[{\"@type\":\"ReadAction\",\"target\":[\"https:\/\/pohjanmaaralli.fi\/en\/pohjanmaa-ralli\/\"]}]},{\"@type\":\"BreadcrumbList\",\"@id\":\"https:\/\/pohjanmaaralli.fi\/en\/pohjanmaa-ralli\/#breadcrumb\",\"itemListElement\":[{\"@type\":\"ListItem\",\"position\":1,\"name\":\"Home\",\"item\":\"https:\/\/pohjanmaaralli.fi\/en\/\"},{\"@type\":\"ListItem\",\"position\":2,\"name\":\"Pohjanmaa Rally\"}]},{\"@type\":\"WebSite\",\"@id\":\"https:\/\/pohjanmaaralli.fi\/fi\/#website\",\"url\":\"https:\/\/pohjanmaaralli.fi\/fi\/\",\"name\":\"Pohjanmaaralli\",\"description\":\"\",\"publisher\":{\"@id\":\"https:\/\/pohjanmaaralli.fi\/fi\/#organization\"},\"potentialAction\":[{\"@type\":\"SearchAction\",\"target\":{\"@type\":\"EntryPoint\",\"urlTemplate\":\"https:\/\/pohjanmaaralli.fi\/fi\/?s={search_term_string}\"},\"query-input\":\"required name=search_term_string\"}],\"inLanguage\":\"en-US\"},{\"@type\":\"Organization\",\"@id\":\"https:\/\/pohjanmaaralli.fi\/fi\/#organization\",\"name\":\"Pohjanmaa Ralli ry\",\"url\":\"https:\/\/pohjanmaaralli.fi\/fi\/\",\"logo\":{\"@type\":\"ImageObject\",\"inLanguage\":\"en-US\",\"@id\":\"https:\/\/pohjanmaaralli.fi\/fi\/#\/schema\/logo\/image\/\",\"url\":\"https:\/\/pohjanmaaralli.fi\/wp-content\/uploads\/2023\/12\/cropped-Pohjanmaa-ralli-logo-hehku-web-1.png\",\"contentUrl\":\"https:\/\/pohjanmaaralli.fi\/wp-content\/uploads\/2023\/12\/cropped-Pohjanmaa-ralli-logo-hehku-web-1.png\",\"width\":600,\"height\":563,\"caption\":\"Pohjanmaa Ralli ry\"},\"image\":{\"@id\":\"https:\/\/pohjanmaaralli.fi\/fi\/#\/schema\/logo\/image\/\"},\"sameAs\":[\"https:\/\/fi-fi.facebook.com\/smpohjanmaaralli\/\",\"https:\/\/www.instagram.com\/pohjanmaa_ralli\/?hl=fi\"]}]}<\/script>\n<!-- \/ Yoast SEO plugin. -->","yoast_head_json":{"title":"SM Pohjanmaa-ralli - kuuden eri autourheiluseuran yhteisty\u00f6tapahtuma","description":"SM Pohjanmaa-ralli j\u00e4rjestet\u00e4\u00e4n kuuden eri autourheiluseuran yhteisty\u00f6n\u00e4. J\u00e4rjest\u00e4v\u00e4t seurat: Alavuden Urheiluautoilijat, Etel\u00e4-Pohjanmaan Urheiluautoilijat, Laihian Urheiluautoilijat, Lapuan Urheiluautoilijat, Pohjankyr\u00f6n Urheiluautoilijat ja Team Botnia","robots":{"index":"index","follow":"follow","max-snippet":"max-snippet:-1","max-image-preview":"max-image-preview:large","max-video-preview":"max-video-preview:-1"},"canonical":"https:\/\/pohjanmaaralli.fi\/en\/pohjanmaa-ralli\/","og_locale":"en_US","og_type":"article","og_title":"SM Pohjanmaa-ralli - kuuden eri autourheiluseuran yhteisty\u00f6tapahtuma","og_description":"SM Pohjanmaa-ralli j\u00e4rjestet\u00e4\u00e4n kuuden eri autourheiluseuran yhteisty\u00f6n\u00e4. J\u00e4rjest\u00e4v\u00e4t seurat: Alavuden Urheiluautoilijat, Etel\u00e4-Pohjanmaan Urheiluautoilijat, Laihian Urheiluautoilijat, Lapuan Urheiluautoilijat, Pohjankyr\u00f6n Urheiluautoilijat ja Team Botnia","og_url":"https:\/\/pohjanmaaralli.fi\/en\/pohjanmaa-ralli\/","og_site_name":"Pohjanmaa-ralli","article_publisher":"https:\/\/fi-fi.facebook.com\/smpohjanmaaralli\/","article_modified_time":"2023-12-29T08:31:56+00:00","og_image":[{"url":"https:\/\/pohjanmaaralli.fi\/wp-content\/uploads\/2023\/01\/thumbnail_Hannu-Rainamo__DSF7973-1.jpg"}],"twitter_card":"summary_large_image","twitter_misc":{"Est. reading time":"1 minute"},"schema":{"@context":"https:\/\/schema.org","@graph":[{"@type":"WebPage","@id":"https:\/\/pohjanmaaralli.fi\/en\/pohjanmaa-ralli\/","url":"https:\/\/pohjanmaaralli.fi\/en\/pohjanmaa-ralli\/","name":"SM Pohjanmaa-ralli - kuuden eri autourheiluseuran yhteisty\u00f6tapahtuma","isPartOf":{"@id":"https:\/\/pohjanmaaralli.fi\/fi\/#website"},"datePublished":"2018-01-23T17:35:47+00:00","dateModified":"2023-12-29T08:31:56+00:00","description":"SM Pohjanmaa-ralli j\u00e4rjestet\u00e4\u00e4n kuuden eri autourheiluseuran yhteisty\u00f6n\u00e4. J\u00e4rjest\u00e4v\u00e4t seurat: Alavuden Urheiluautoilijat, Etel\u00e4-Pohjanmaan Urheiluautoilijat, Laihian Urheiluautoilijat, Lapuan Urheiluautoilijat, Pohjankyr\u00f6n Urheiluautoilijat ja Team Botnia","breadcrumb":{"@id":"https:\/\/pohjanmaaralli.fi\/en\/pohjanmaa-ralli\/#breadcrumb"},"inLanguage":"en-US","potentialAction":[{"@type":"ReadAction","target":["https:\/\/pohjanmaaralli.fi\/en\/pohjanmaa-ralli\/"]}]},{"@type":"BreadcrumbList","@id":"https:\/\/pohjanmaaralli.fi\/en\/pohjanmaa-ralli\/#breadcrumb","itemListElement":[{"@type":"ListItem","position":1,"name":"Home","item":"https:\/\/pohjanmaaralli.fi\/en\/"},{"@type":"ListItem","position":2,"name":"Pohjanmaa Rally"}]},{"@type":"WebSite","@id":"https:\/\/pohjanmaaralli.fi\/fi\/#website","url":"https:\/\/pohjanmaaralli.fi\/fi\/","name":"Pohjanmaaralli","description":"","publisher":{"@id":"https:\/\/pohjanmaaralli.fi\/fi\/#organization"},"potentialAction":[{"@type":"SearchAction","target":{"@type":"EntryPoint","urlTemplate":"https:\/\/pohjanmaaralli.fi\/fi\/?s={search_term_string}"},"query-input":"required name=search_term_string"}],"inLanguage":"en-US"},{"@type":"Organization","@id":"https:\/\/pohjanmaaralli.fi\/fi\/#organization","name":"Pohjanmaa Ralli ry","url":"https:\/\/pohjanmaaralli.fi\/fi\/","logo":{"@type":"ImageObject","inLanguage":"en-US","@id":"https:\/\/pohjanmaaralli.fi\/fi\/#\/schema\/logo\/image\/","url":"https:\/\/pohjanmaaralli.fi\/wp-content\/uploads\/2023\/12\/cropped-Pohjanmaa-ralli-logo-hehku-web-1.png","contentUrl":"https:\/\/pohjanmaaralli.fi\/wp-content\/uploads\/2023\/12\/cropped-Pohjanmaa-ralli-logo-hehku-web-1.png","width":600,"height":563,"caption":"Pohjanmaa Ralli ry"},"image":{"@id":"https:\/\/pohjanmaaralli.fi\/fi\/#\/schema\/logo\/image\/"},"sameAs":["https:\/\/fi-fi.facebook.com\/smpohjanmaaralli\/","https:\/\/www.instagram.com\/pohjanmaa_ralli\/?hl=fi"]}]}},"taxonomy_info":[],"featured_image_src_large":false,"author_info":{"display_name":"Pohjanmaa Ralli","author_link":"https:\/\/pohjanmaaralli.fi\/en\/author\/kristiina\/"},"comment_info":0,"_links":{"self":[{"href":"https:\/\/pohjanmaaralli.fi\/en\/wp-json\/wp\/v2\/pages\/45"}],"collection":[{"href":"https:\/\/pohjanmaaralli.fi\/en\/wp-json\/wp\/v2\/pages"}],"about":[{"href":"https:\/\/pohjanmaaralli.fi\/en\/wp-json\/wp\/v2\/types\/page"}],"author":[{"embeddable":true,"href":"https:\/\/pohjanmaaralli.fi\/en\/wp-json\/wp\/v2\/users\/2"}],"replies":[{"embeddable":true,"href":"https:\/\/pohjanmaaralli.fi\/en\/wp-json\/wp\/v2\/comments?post=45"}],"version-history":[{"count":18,"href":"https:\/\/pohjanmaaralli.fi\/en\/wp-json\/wp\/v2\/pages\/45\/revisions"}],"predecessor-version":[{"id":1768,"href":"https:\/\/pohjanmaaralli.fi\/en\/wp-json\/wp\/v2\/pages\/45\/revisions\/1768"}],"wp:attachment":[{"href":"https:\/\/pohjanmaaralli.fi\/en\/wp-json\/wp\/v2\/media?parent=45"}],"curies":[{"name":"wp","href":"https:\/\/api.w.org\/{rel}","templated":true}]}}