{"id":33,"date":"2018-01-23T19:32:03","date_gmt":"2018-01-23T17:32:03","guid":{"rendered":"http:\/\/pohjanmaaralli.fi\/wp2\/?page_id=33"},"modified":"2026-04-22T15:51:14","modified_gmt":"2026-04-22T12:51:14","slug":"katsojat","status":"publish","type":"page","link":"https:\/\/pohjanmaaralli.fi\/fi\/katsojat\/","title":{"rendered":"Katsojat"},"content":{"rendered":"\r\n<p>Rallipaketit (sis. p\u00e4\u00e4syn erikoiskokeille ja fyysisen katsojaoppaan) myynniss\u00e4 alkaen pe 5.6. kello 15 alla olevissa myyntipisteiss\u00e4 niiden aukioloaikojen mukaan:<br \/><em>P\u00e4ivitet\u00e4\u00e4n myyntipaikkojen varmistuessa<\/em><\/p>\r\n<p>Rallipaketti 20 e\/kpl<br \/>Erikoiskoelippu 15 e\/kpl<\/p>\r\n<p>Erikoiskoeliput myyd\u00e4\u00e4n erikoiskokeiden lipunmyyntipisteill\u00e4. <strong>Huom. vain k\u00e4teinen ja MobilePay k\u00e4yv\u00e4t maksuv\u00e4linein\u00e4 erikoiskokeilla.\u00a0<\/strong><\/p>\r\n<p>L\u00e4ht\u00f6\u00f6n, maaliin ja huoltoparkkiin vapaa p\u00e4\u00e4sy.\u00a0 Huoltoparkissa kello 11-15 my\u00f6s muuta ohjelmaa kuten lasten maailmanpy\u00f6r\u00e4, pomppulinna ja kasvomaalausta. Makkaragrilli ja laku-, pehmis- ja hattarakojut palvelevat huoltoparkissa.\u00a0<\/p>\r\n<p>Aikataulu:<br \/>Klo 10 l\u00e4ht\u00f6 &#8211; Sein\u00e4joen Tori<br \/>Klo 10:44 Erikoiskoe 1<br \/>Klo 11:15 Erikoiskoe 2<br \/>Noin klo 12 Huolto A &#8211; Rengastien Autotarvike<br \/>Klo 13:19 Erikoiskoe 3<br \/>Klo 13:45 Erikoiskoe 4<br \/>Klo 14:14 Erikoiskoe 5<br \/>Noin klo 15 Huolto B &#8211; Rengastien Autotarvike<br \/>Klo 16:38 Erikoiskoe 6<br \/>Klo 17:10 Erikoiskoe 7<br \/>Noin klo 18 maali ja palkintojenjako &#8211; Sein\u00e4joen Tori<\/p>\r\n<h2 class=\"kt-adv-heading509_4f9ef2-bd wp-block-kadence-advancedheading\" data-kb-block=\"kb-adv-heading509_4f9ef2-bd\">Turvallisuusohjeet<\/h2>\r\n<p class=\"kt-adv-heading509_804ae7-a2 wp-block-kadence-advancedheading\" data-kb-block=\"kb-adv-heading509_804ae7-a2\"><strong>Punaisella merkityt alueet ovat vaarallisia katselualueita. Noudata aina toimihenkil\u00f6iden antamia ohjeita!<\/strong><\/p>\r\n<div class=\"wp-block-kadence-image kb-image509_ff174d-1b\">\r\n<figure class=\"aligncenter size-large\"><img loading=\"lazy\" decoding=\"async\" class=\"kb-img wp-image-1338\" src=\"https:\/\/seinajokiralli.fi\/2025\/wp-content\/uploads\/2025\/06\/Turvakuva-Seinajoki-Ralli-1024x850.jpg\" sizes=\"auto, (max-width: 1024px) 100vw, 1024px\" srcset=\"https:\/\/seinajokiralli.fi\/2025\/wp-content\/uploads\/2025\/06\/Turvakuva-Seinajoki-Ralli-1024x850.jpg 1024w, https:\/\/seinajokiralli.fi\/2025\/wp-content\/uploads\/2025\/06\/Turvakuva-Seinajoki-Ralli-300x249.jpg 300w, https:\/\/seinajokiralli.fi\/2025\/wp-content\/uploads\/2025\/06\/Turvakuva-Seinajoki-Ralli-768x637.jpg 768w, https:\/\/seinajokiralli.fi\/2025\/wp-content\/uploads\/2025\/06\/Turvakuva-Seinajoki-Ralli-1536x1275.jpg 1536w, https:\/\/seinajokiralli.fi\/2025\/wp-content\/uploads\/2025\/06\/Turvakuva-Seinajoki-Ralli-14x12.jpg 14w, https:\/\/seinajokiralli.fi\/2025\/wp-content\/uploads\/2025\/06\/Turvakuva-Seinajoki-Ralli.jpg 2000w\" alt=\"\" width=\"1024\" height=\"850\" \/><\/figure>\r\n<\/div>\r\n","protected":false},"excerpt":{"rendered":"<p>Rallipaketit (sis. p\u00e4\u00e4syn erikoiskokeille ja fyysisen katsojaoppaan) myynniss\u00e4 alkaen pe 5.6. kello 15 alla olevissa myyntipisteiss\u00e4 niiden aukioloaikojen mukaan:P\u00e4ivitet\u00e4\u00e4n myyntipaikkojen varmistuessa Rallipaketti 20 e\/kplErikoiskoelippu 15 e\/kpl Erikoiskoeliput myyd\u00e4\u00e4n erikoiskokeiden lipunmyyntipisteill\u00e4. Huom. vain k\u00e4teinen ja MobilePay k\u00e4yv\u00e4t maksuv\u00e4linein\u00e4 erikoiskokeilla.\u00a0 L\u00e4ht\u00f6\u00f6n, maaliin ja huoltoparkkiin vapaa p\u00e4\u00e4sy.\u00a0 Huoltoparkissa kello 11-15 my\u00f6s muuta ohjelmaa kuten lasten maailmanpy\u00f6r\u00e4, pomppulinna ja&#8230;<\/p>\n","protected":false},"author":2,"featured_media":0,"parent":0,"menu_order":0,"comment_status":"closed","ping_status":"closed","template":"","meta":{"_kad_blocks_custom_css":"","_kad_blocks_head_custom_js":"","_kad_blocks_body_custom_js":"","_kad_blocks_footer_custom_js":"","_kadence_starter_templates_imported_post":false,"_kad_post_transparent":"default","_kad_post_title":"default","_kad_post_layout":"default","_kad_post_sidebar_id":"","_kad_post_content_style":"default","_kad_post_vertical_padding":"default","_kad_post_feature":"","_kad_post_feature_position":"","_kad_post_header":false,"_kad_post_footer":false,"footnotes":""},"yoast_head":"<!-- This site is optimized with the Yoast SEO plugin v21.7 - https:\/\/yoast.com\/wordpress\/plugins\/seo\/ -->\n<title>Pohjanmaa-rallin katsojapaketti<\/title>\n<meta name=\"description\" content=\"Pohjanmaa-rallin katsojapaketti tarjoaa t\u00e4yslaidallisen ralliel\u00e4myksi\u00e4 25.-26. syyskuuta Sein\u00e4joen alueella. Pohjanmaa-rallin kilpailukeskuksena toimii Hotelli Sorsanpes\u00e4.\" \/>\n<meta name=\"robots\" content=\"index, follow, max-snippet:-1, max-image-preview:large, max-video-preview:-1\" \/>\n<link rel=\"canonical\" href=\"https:\/\/pohjanmaaralli.fi\/fi\/katsojat\/\" \/>\n<meta property=\"og:locale\" content=\"fi_FI\" \/>\n<meta property=\"og:locale:alternate\" content=\"en_US\" \/>\n<meta property=\"og:type\" content=\"article\" \/>\n<meta property=\"og:title\" content=\"Pohjanmaa-rallin katsojapaketti\" \/>\n<meta property=\"og:description\" content=\"Pohjanmaa-rallin katsojapaketti tarjoaa t\u00e4yslaidallisen ralliel\u00e4myksi\u00e4 25.-26. syyskuuta Sein\u00e4joen alueella. Pohjanmaa-rallin kilpailukeskuksena toimii Hotelli Sorsanpes\u00e4.\" \/>\n<meta property=\"og:url\" content=\"https:\/\/pohjanmaaralli.fi\/fi\/katsojat\/\" \/>\n<meta property=\"og:site_name\" content=\"Pohjanmaa-ralli\" \/>\n<meta property=\"article:publisher\" content=\"https:\/\/fi-fi.facebook.com\/smpohjanmaaralli\/\" \/>\n<meta property=\"article:modified_time\" content=\"2026-04-22T12:51:14+00:00\" \/>\n<meta property=\"og:image\" content=\"https:\/\/seinajokiralli.fi\/2025\/wp-content\/uploads\/2025\/06\/Turvakuva-Seinajoki-Ralli-1024x850.jpg\" \/>\n<meta name=\"twitter:card\" content=\"summary_large_image\" \/>\n<meta name=\"twitter:label1\" content=\"Arvioitu lukuaika\" \/>\n\t<meta name=\"twitter:data1\" content=\"2 minuuttia\" \/>\n<script type=\"application\/ld+json\" class=\"yoast-schema-graph\">{\"@context\":\"https:\/\/schema.org\",\"@graph\":[{\"@type\":\"WebPage\",\"@id\":\"https:\/\/pohjanmaaralli.fi\/en\/katsojat\/\",\"url\":\"https:\/\/pohjanmaaralli.fi\/en\/katsojat\/\",\"name\":\"Pohjanmaa-rallin katsojapaketti\",\"isPartOf\":{\"@id\":\"https:\/\/pohjanmaaralli.fi\/fi\/#website\"},\"datePublished\":\"2018-01-23T17:32:03+00:00\",\"dateModified\":\"2026-04-22T12:51:14+00:00\",\"description\":\"Pohjanmaa-rallin katsojapaketti tarjoaa t\u00e4yslaidallisen ralliel\u00e4myksi\u00e4 25.-26. syyskuuta Sein\u00e4joen alueella. Pohjanmaa-rallin kilpailukeskuksena toimii Hotelli Sorsanpes\u00e4.\",\"breadcrumb\":{\"@id\":\"https:\/\/pohjanmaaralli.fi\/en\/katsojat\/#breadcrumb\"},\"inLanguage\":\"fi\",\"potentialAction\":[{\"@type\":\"ReadAction\",\"target\":[\"https:\/\/pohjanmaaralli.fi\/en\/katsojat\/\"]}]},{\"@type\":\"BreadcrumbList\",\"@id\":\"https:\/\/pohjanmaaralli.fi\/en\/katsojat\/#breadcrumb\",\"itemListElement\":[{\"@type\":\"ListItem\",\"position\":1,\"name\":\"Home\",\"item\":\"https:\/\/pohjanmaaralli.fi\/en\/\"},{\"@type\":\"ListItem\",\"position\":2,\"name\":\"Spectators\"}]},{\"@type\":\"WebSite\",\"@id\":\"https:\/\/pohjanmaaralli.fi\/fi\/#website\",\"url\":\"https:\/\/pohjanmaaralli.fi\/fi\/\",\"name\":\"Pohjanmaaralli\",\"description\":\"\",\"publisher\":{\"@id\":\"https:\/\/pohjanmaaralli.fi\/fi\/#organization\"},\"potentialAction\":[{\"@type\":\"SearchAction\",\"target\":{\"@type\":\"EntryPoint\",\"urlTemplate\":\"https:\/\/pohjanmaaralli.fi\/fi\/?s={search_term_string}\"},\"query-input\":\"required name=search_term_string\"}],\"inLanguage\":\"fi\"},{\"@type\":\"Organization\",\"@id\":\"https:\/\/pohjanmaaralli.fi\/fi\/#organization\",\"name\":\"Pohjanmaa Ralli ry\",\"url\":\"https:\/\/pohjanmaaralli.fi\/fi\/\",\"logo\":{\"@type\":\"ImageObject\",\"inLanguage\":\"fi\",\"@id\":\"https:\/\/pohjanmaaralli.fi\/fi\/#\/schema\/logo\/image\/\",\"url\":\"https:\/\/pohjanmaaralli.fi\/wp-content\/uploads\/2023\/12\/cropped-Pohjanmaa-ralli-logo-hehku-web-1.png\",\"contentUrl\":\"https:\/\/pohjanmaaralli.fi\/wp-content\/uploads\/2023\/12\/cropped-Pohjanmaa-ralli-logo-hehku-web-1.png\",\"width\":600,\"height\":563,\"caption\":\"Pohjanmaa Ralli ry\"},\"image\":{\"@id\":\"https:\/\/pohjanmaaralli.fi\/fi\/#\/schema\/logo\/image\/\"},\"sameAs\":[\"https:\/\/fi-fi.facebook.com\/smpohjanmaaralli\/\",\"https:\/\/www.instagram.com\/pohjanmaa_ralli\/?hl=fi\"]}]}<\/script>\n<!-- \/ Yoast SEO plugin. -->","yoast_head_json":{"title":"Pohjanmaa-rallin katsojapaketti","description":"Pohjanmaa-rallin katsojapaketti tarjoaa t\u00e4yslaidallisen ralliel\u00e4myksi\u00e4 25.-26. syyskuuta Sein\u00e4joen alueella. Pohjanmaa-rallin kilpailukeskuksena toimii Hotelli Sorsanpes\u00e4.","robots":{"index":"index","follow":"follow","max-snippet":"max-snippet:-1","max-image-preview":"max-image-preview:large","max-video-preview":"max-video-preview:-1"},"canonical":"https:\/\/pohjanmaaralli.fi\/fi\/katsojat\/","og_locale":"fi_FI","og_type":"article","og_title":"[:fi]Pohjanmaa-rallin katsojapaketti[:]","og_description":"[:fi]Pohjanmaa-rallin katsojapaketti tarjoaa t\u00e4yslaidallisen ralliel\u00e4myksi\u00e4 25.-26. syyskuuta Sein\u00e4joen alueella. Pohjanmaa-rallin kilpailukeskuksena toimii Hotelli Sorsanpes\u00e4.[:]","og_url":"https:\/\/pohjanmaaralli.fi\/fi\/katsojat\/","og_site_name":"Pohjanmaa-ralli","article_publisher":"https:\/\/fi-fi.facebook.com\/smpohjanmaaralli\/","article_modified_time":"2026-04-22T12:51:14+00:00","og_image":[{"url":"https:\/\/seinajokiralli.fi\/2025\/wp-content\/uploads\/2025\/06\/Turvakuva-Seinajoki-Ralli-1024x850.jpg"}],"twitter_card":"summary_large_image","twitter_misc":{"Arvioitu lukuaika":"2 minuuttia"},"schema":{"@context":"https:\/\/schema.org","@graph":[{"@type":"WebPage","@id":"https:\/\/pohjanmaaralli.fi\/en\/katsojat\/","url":"https:\/\/pohjanmaaralli.fi\/en\/katsojat\/","name":"Pohjanmaa-rallin katsojapaketti","isPartOf":{"@id":"https:\/\/pohjanmaaralli.fi\/fi\/#website"},"datePublished":"2018-01-23T17:32:03+00:00","dateModified":"2026-04-22T12:51:14+00:00","description":"Pohjanmaa-rallin katsojapaketti tarjoaa t\u00e4yslaidallisen ralliel\u00e4myksi\u00e4 25.-26. syyskuuta Sein\u00e4joen alueella. Pohjanmaa-rallin kilpailukeskuksena toimii Hotelli Sorsanpes\u00e4.","breadcrumb":{"@id":"https:\/\/pohjanmaaralli.fi\/en\/katsojat\/#breadcrumb"},"inLanguage":"fi","potentialAction":[{"@type":"ReadAction","target":["https:\/\/pohjanmaaralli.fi\/en\/katsojat\/"]}]},{"@type":"BreadcrumbList","@id":"https:\/\/pohjanmaaralli.fi\/en\/katsojat\/#breadcrumb","itemListElement":[{"@type":"ListItem","position":1,"name":"Home","item":"https:\/\/pohjanmaaralli.fi\/en\/"},{"@type":"ListItem","position":2,"name":"Spectators"}]},{"@type":"WebSite","@id":"https:\/\/pohjanmaaralli.fi\/fi\/#website","url":"https:\/\/pohjanmaaralli.fi\/fi\/","name":"Pohjanmaaralli","description":"","publisher":{"@id":"https:\/\/pohjanmaaralli.fi\/fi\/#organization"},"potentialAction":[{"@type":"SearchAction","target":{"@type":"EntryPoint","urlTemplate":"https:\/\/pohjanmaaralli.fi\/fi\/?s={search_term_string}"},"query-input":"required name=search_term_string"}],"inLanguage":"fi"},{"@type":"Organization","@id":"https:\/\/pohjanmaaralli.fi\/fi\/#organization","name":"Pohjanmaa Ralli ry","url":"https:\/\/pohjanmaaralli.fi\/fi\/","logo":{"@type":"ImageObject","inLanguage":"fi","@id":"https:\/\/pohjanmaaralli.fi\/fi\/#\/schema\/logo\/image\/","url":"https:\/\/pohjanmaaralli.fi\/wp-content\/uploads\/2023\/12\/cropped-Pohjanmaa-ralli-logo-hehku-web-1.png","contentUrl":"https:\/\/pohjanmaaralli.fi\/wp-content\/uploads\/2023\/12\/cropped-Pohjanmaa-ralli-logo-hehku-web-1.png","width":600,"height":563,"caption":"Pohjanmaa Ralli ry"},"image":{"@id":"https:\/\/pohjanmaaralli.fi\/fi\/#\/schema\/logo\/image\/"},"sameAs":["https:\/\/fi-fi.facebook.com\/smpohjanmaaralli\/","https:\/\/www.instagram.com\/pohjanmaa_ralli\/?hl=fi"]}]}},"taxonomy_info":[],"featured_image_src_large":false,"author_info":{"display_name":"Pohjanmaa Ralli","author_link":"https:\/\/pohjanmaaralli.fi\/fi\/author\/kristiina\/"},"comment_info":0,"_links":{"self":[{"href":"https:\/\/pohjanmaaralli.fi\/fi\/wp-json\/wp\/v2\/pages\/33"}],"collection":[{"href":"https:\/\/pohjanmaaralli.fi\/fi\/wp-json\/wp\/v2\/pages"}],"about":[{"href":"https:\/\/pohjanmaaralli.fi\/fi\/wp-json\/wp\/v2\/types\/page"}],"author":[{"embeddable":true,"href":"https:\/\/pohjanmaaralli.fi\/fi\/wp-json\/wp\/v2\/users\/2"}],"replies":[{"embeddable":true,"href":"https:\/\/pohjanmaaralli.fi\/fi\/wp-json\/wp\/v2\/comments?post=33"}],"version-history":[{"count":130,"href":"https:\/\/pohjanmaaralli.fi\/fi\/wp-json\/wp\/v2\/pages\/33\/revisions"}],"predecessor-version":[{"id":2018,"href":"https:\/\/pohjanmaaralli.fi\/fi\/wp-json\/wp\/v2\/pages\/33\/revisions\/2018"}],"wp:attachment":[{"href":"https:\/\/pohjanmaaralli.fi\/fi\/wp-json\/wp\/v2\/media?parent=33"}],"curies":[{"name":"wp","href":"https:\/\/api.w.org\/{rel}","templated":true}]}}