{"id":43,"date":"2018-01-23T19:35:27","date_gmt":"2018-01-23T17:35:27","guid":{"rendered":"http:\/\/pohjanmaaralli.fi\/wp2\/?page_id=43"},"modified":"2026-04-22T15:58:14","modified_gmt":"2026-04-22T12:58:14","slug":"media","status":"publish","type":"page","link":"https:\/\/pohjanmaaralli.fi\/fi\/media\/","title":{"rendered":"Media"},"content":{"rendered":"\r\n<p>Median akkreditointilomake <a href=\"https:\/\/docs.google.com\/forms\/d\/e\/1FAIpQLSfRPwHsolySSne13LRaLKwZ0mfQJ6JdRjPc6pHJgQZLPPc8Ug\/viewform\">MRF Pohjanmaa Ralli: Median akkreditointihakemus<\/a>\u00a0<br \/>Hakemusten viimeinen mahdollinen j\u00e4tt\u00f6p\u00e4iv\u00e4 1.6.2026<\/p>\r\n\r\n\r\n\r\n<p><strong>Mediakeskus: <\/strong>Rengastien Autotarvike, Rengastie 21, 60120 Sein\u00e4joki<br \/>Aukioloajat:<br \/>Lauantai 6.6.2026 klo 07:30 &#8211; kilpailun p\u00e4\u00e4ttymiseen asti<\/p>\r\n<p class=\"has-theme-palette-3-color has-text-color has-link-color wp-elements-2537e6859a0e026ed94bcded66ad25cb\"><strong>S\u00e4hk\u00f6posti:<\/strong> <a href=\"mailto:pohjanmaaralli@gmail.com\" target=\"_blank\" rel=\"noreferrer noopener\">pohjanmaaralli@gmail.com<\/a><\/p>\r\n\r\n\r\n\r\n\r\n\r\n\r\n\r\n<p><strong>Lehdist\u00f6p\u00e4\u00e4llikk\u00f6<\/strong>:<br \/><em>Eerika L\u00e4hdekorpi<br \/>pohjanmaaralli@gmail.com<br \/><span data-sheets-root=\"1\">0509135060<\/span><br \/><\/em><\/p>\r\n\r\n\r\n\r\n\r\n\r\n<p><strong>F-Cup sarjaviestint\u00e4: <br \/><\/strong><em>Patrick Rupponen<\/em><em><br \/>patrick.rupponen@autourheilu.fi<br \/>0406837983<\/em><\/p>\r\n\r\n\r\n\r\n<p><em>Jani Sepp\u00e4l\u00e4<\/em><em><br \/>sivuluisumeister@gmail.com<br \/>0443308710<br \/><\/em><\/p>\r\n","protected":false},"excerpt":{"rendered":"<p>Median akkreditointilomake MRF Pohjanmaa Ralli: Median akkreditointihakemus\u00a0Hakemusten viimeinen mahdollinen j\u00e4tt\u00f6p\u00e4iv\u00e4 1.6.2026 Mediakeskus: Rengastien Autotarvike, Rengastie 21, 60120 Sein\u00e4jokiAukioloajat:Lauantai 6.6.2026 klo 07:30 &#8211; kilpailun p\u00e4\u00e4ttymiseen asti S\u00e4hk\u00f6posti: pohjanmaaralli@gmail.com Lehdist\u00f6p\u00e4\u00e4llikk\u00f6:Eerika L\u00e4hdekorpipohjanmaaralli@gmail.com0509135060 F-Cup sarjaviestint\u00e4: Patrick Rupponenpatrick.rupponen@autourheilu.fi0406837983 Jani Sepp\u00e4l\u00e4sivuluisumeister@gmail.com0443308710<\/p>\n","protected":false},"author":2,"featured_media":0,"parent":0,"menu_order":0,"comment_status":"closed","ping_status":"closed","template":"","meta":{"_kad_blocks_custom_css":"","_kad_blocks_head_custom_js":"","_kad_blocks_body_custom_js":"","_kad_blocks_footer_custom_js":"","_kadence_starter_templates_imported_post":false,"_kad_post_transparent":"default","_kad_post_title":"default","_kad_post_layout":"default","_kad_post_sidebar_id":"","_kad_post_content_style":"default","_kad_post_vertical_padding":"default","_kad_post_feature":"","_kad_post_feature_position":"","_kad_post_header":false,"_kad_post_footer":false,"footnotes":""},"yoast_head":"<!-- This site is optimized with the Yoast SEO plugin v21.7 - https:\/\/yoast.com\/wordpress\/plugins\/seo\/ -->\n<title>Media - SM Pohjanmaa-ralli[:]<\/title>\n<meta name=\"description\" content=\"SM Pohjanmaa-rallin mediakeskuksena toimii Hotelli Sorsanpes\u00e4. Media-sivulta l\u00f6ytyv\u00e4t tarkemmat tapahtumatiedot sek\u00e4 lis\u00e4tiedot akkreditoitumisesta tapahtumaan.\" \/>\n<meta name=\"robots\" content=\"index, follow, max-snippet:-1, max-image-preview:large, max-video-preview:-1\" \/>\n<link rel=\"canonical\" href=\"https:\/\/pohjanmaaralli.fi\/fi\/media\/\" \/>\n<meta property=\"og:locale\" content=\"fi_FI\" \/>\n<meta property=\"og:locale:alternate\" content=\"en_US\" \/>\n<meta property=\"og:type\" content=\"article\" \/>\n<meta property=\"og:title\" content=\"Media - SM Pohjanmaa-ralli\" \/>\n<meta property=\"og:description\" content=\"SM Pohjanmaa-rallin mediakeskuksena toimii Hotelli Sorsanpes\u00e4. Media-sivulta l\u00f6ytyv\u00e4t tarkemmat tapahtumatiedot sek\u00e4 lis\u00e4tiedot akkreditoitumisesta tapahtumaan.\" \/>\n<meta property=\"og:url\" content=\"https:\/\/pohjanmaaralli.fi\/fi\/media\/\" \/>\n<meta property=\"og:site_name\" content=\"Pohjanmaa-ralli\" \/>\n<meta property=\"article:publisher\" content=\"https:\/\/fi-fi.facebook.com\/smpohjanmaaralli\/\" \/>\n<meta property=\"article:modified_time\" content=\"2026-04-22T12:58:14+00:00\" \/>\n<meta name=\"twitter:card\" content=\"summary_large_image\" \/>\n<meta name=\"twitter:label1\" content=\"Arvioitu lukuaika\" \/>\n\t<meta name=\"twitter:data1\" content=\"1 minuutti\" \/>\n<script type=\"application\/ld+json\" class=\"yoast-schema-graph\">{\"@context\":\"https:\/\/schema.org\",\"@graph\":[{\"@type\":\"WebPage\",\"@id\":\"https:\/\/pohjanmaaralli.fi\/en\/media\/\",\"url\":\"https:\/\/pohjanmaaralli.fi\/en\/media\/\",\"name\":\"Media - SM Pohjanmaa-ralli\",\"isPartOf\":{\"@id\":\"https:\/\/pohjanmaaralli.fi\/fi\/#website\"},\"datePublished\":\"2018-01-23T17:35:27+00:00\",\"dateModified\":\"2026-04-22T12:58:14+00:00\",\"description\":\"SM Pohjanmaa-rallin mediakeskuksena toimii Hotelli Sorsanpes\u00e4. Media-sivulta l\u00f6ytyv\u00e4t tarkemmat tapahtumatiedot sek\u00e4 lis\u00e4tiedot akkreditoitumisesta tapahtumaan.\",\"breadcrumb\":{\"@id\":\"https:\/\/pohjanmaaralli.fi\/en\/media\/#breadcrumb\"},\"inLanguage\":\"fi\",\"potentialAction\":[{\"@type\":\"ReadAction\",\"target\":[\"https:\/\/pohjanmaaralli.fi\/en\/media\/\"]}]},{\"@type\":\"BreadcrumbList\",\"@id\":\"https:\/\/pohjanmaaralli.fi\/en\/media\/#breadcrumb\",\"itemListElement\":[{\"@type\":\"ListItem\",\"position\":1,\"name\":\"Home\",\"item\":\"https:\/\/pohjanmaaralli.fi\/en\/\"},{\"@type\":\"ListItem\",\"position\":2,\"name\":\"Media\"}]},{\"@type\":\"WebSite\",\"@id\":\"https:\/\/pohjanmaaralli.fi\/fi\/#website\",\"url\":\"https:\/\/pohjanmaaralli.fi\/fi\/\",\"name\":\"Pohjanmaaralli\",\"description\":\"\",\"publisher\":{\"@id\":\"https:\/\/pohjanmaaralli.fi\/fi\/#organization\"},\"potentialAction\":[{\"@type\":\"SearchAction\",\"target\":{\"@type\":\"EntryPoint\",\"urlTemplate\":\"https:\/\/pohjanmaaralli.fi\/fi\/?s={search_term_string}\"},\"query-input\":\"required name=search_term_string\"}],\"inLanguage\":\"fi\"},{\"@type\":\"Organization\",\"@id\":\"https:\/\/pohjanmaaralli.fi\/fi\/#organization\",\"name\":\"Pohjanmaa Ralli ry\",\"url\":\"https:\/\/pohjanmaaralli.fi\/fi\/\",\"logo\":{\"@type\":\"ImageObject\",\"inLanguage\":\"fi\",\"@id\":\"https:\/\/pohjanmaaralli.fi\/fi\/#\/schema\/logo\/image\/\",\"url\":\"https:\/\/pohjanmaaralli.fi\/wp-content\/uploads\/2023\/12\/cropped-Pohjanmaa-ralli-logo-hehku-web-1.png\",\"contentUrl\":\"https:\/\/pohjanmaaralli.fi\/wp-content\/uploads\/2023\/12\/cropped-Pohjanmaa-ralli-logo-hehku-web-1.png\",\"width\":600,\"height\":563,\"caption\":\"Pohjanmaa Ralli ry\"},\"image\":{\"@id\":\"https:\/\/pohjanmaaralli.fi\/fi\/#\/schema\/logo\/image\/\"},\"sameAs\":[\"https:\/\/fi-fi.facebook.com\/smpohjanmaaralli\/\",\"https:\/\/www.instagram.com\/pohjanmaa_ralli\/?hl=fi\"]}]}<\/script>\n<!-- \/ Yoast SEO plugin. -->","yoast_head_json":{"title":"Media - SM Pohjanmaa-ralli[:]","description":"SM Pohjanmaa-rallin mediakeskuksena toimii Hotelli Sorsanpes\u00e4. Media-sivulta l\u00f6ytyv\u00e4t tarkemmat tapahtumatiedot sek\u00e4 lis\u00e4tiedot akkreditoitumisesta tapahtumaan.","robots":{"index":"index","follow":"follow","max-snippet":"max-snippet:-1","max-image-preview":"max-image-preview:large","max-video-preview":"max-video-preview:-1"},"canonical":"https:\/\/pohjanmaaralli.fi\/fi\/media\/","og_locale":"fi_FI","og_type":"article","og_title":"[:fi]Media - SM Pohjanmaa-ralli[:]","og_description":"[:fi]SM Pohjanmaa-rallin mediakeskuksena toimii Hotelli Sorsanpes\u00e4. Media-sivulta l\u00f6ytyv\u00e4t tarkemmat tapahtumatiedot sek\u00e4 lis\u00e4tiedot akkreditoitumisesta tapahtumaan.[:]","og_url":"https:\/\/pohjanmaaralli.fi\/fi\/media\/","og_site_name":"Pohjanmaa-ralli","article_publisher":"https:\/\/fi-fi.facebook.com\/smpohjanmaaralli\/","article_modified_time":"2026-04-22T12:58:14+00:00","twitter_card":"summary_large_image","twitter_misc":{"Arvioitu lukuaika":"1 minuutti"},"schema":{"@context":"https:\/\/schema.org","@graph":[{"@type":"WebPage","@id":"https:\/\/pohjanmaaralli.fi\/en\/media\/","url":"https:\/\/pohjanmaaralli.fi\/en\/media\/","name":"Media - SM Pohjanmaa-ralli","isPartOf":{"@id":"https:\/\/pohjanmaaralli.fi\/fi\/#website"},"datePublished":"2018-01-23T17:35:27+00:00","dateModified":"2026-04-22T12:58:14+00:00","description":"SM Pohjanmaa-rallin mediakeskuksena toimii Hotelli Sorsanpes\u00e4. Media-sivulta l\u00f6ytyv\u00e4t tarkemmat tapahtumatiedot sek\u00e4 lis\u00e4tiedot akkreditoitumisesta tapahtumaan.","breadcrumb":{"@id":"https:\/\/pohjanmaaralli.fi\/en\/media\/#breadcrumb"},"inLanguage":"fi","potentialAction":[{"@type":"ReadAction","target":["https:\/\/pohjanmaaralli.fi\/en\/media\/"]}]},{"@type":"BreadcrumbList","@id":"https:\/\/pohjanmaaralli.fi\/en\/media\/#breadcrumb","itemListElement":[{"@type":"ListItem","position":1,"name":"Home","item":"https:\/\/pohjanmaaralli.fi\/en\/"},{"@type":"ListItem","position":2,"name":"Media"}]},{"@type":"WebSite","@id":"https:\/\/pohjanmaaralli.fi\/fi\/#website","url":"https:\/\/pohjanmaaralli.fi\/fi\/","name":"Pohjanmaaralli","description":"","publisher":{"@id":"https:\/\/pohjanmaaralli.fi\/fi\/#organization"},"potentialAction":[{"@type":"SearchAction","target":{"@type":"EntryPoint","urlTemplate":"https:\/\/pohjanmaaralli.fi\/fi\/?s={search_term_string}"},"query-input":"required name=search_term_string"}],"inLanguage":"fi"},{"@type":"Organization","@id":"https:\/\/pohjanmaaralli.fi\/fi\/#organization","name":"Pohjanmaa Ralli ry","url":"https:\/\/pohjanmaaralli.fi\/fi\/","logo":{"@type":"ImageObject","inLanguage":"fi","@id":"https:\/\/pohjanmaaralli.fi\/fi\/#\/schema\/logo\/image\/","url":"https:\/\/pohjanmaaralli.fi\/wp-content\/uploads\/2023\/12\/cropped-Pohjanmaa-ralli-logo-hehku-web-1.png","contentUrl":"https:\/\/pohjanmaaralli.fi\/wp-content\/uploads\/2023\/12\/cropped-Pohjanmaa-ralli-logo-hehku-web-1.png","width":600,"height":563,"caption":"Pohjanmaa Ralli ry"},"image":{"@id":"https:\/\/pohjanmaaralli.fi\/fi\/#\/schema\/logo\/image\/"},"sameAs":["https:\/\/fi-fi.facebook.com\/smpohjanmaaralli\/","https:\/\/www.instagram.com\/pohjanmaa_ralli\/?hl=fi"]}]}},"taxonomy_info":[],"featured_image_src_large":false,"author_info":{"display_name":"Pohjanmaa Ralli","author_link":"https:\/\/pohjanmaaralli.fi\/fi\/author\/kristiina\/"},"comment_info":0,"_links":{"self":[{"href":"https:\/\/pohjanmaaralli.fi\/fi\/wp-json\/wp\/v2\/pages\/43"}],"collection":[{"href":"https:\/\/pohjanmaaralli.fi\/fi\/wp-json\/wp\/v2\/pages"}],"about":[{"href":"https:\/\/pohjanmaaralli.fi\/fi\/wp-json\/wp\/v2\/types\/page"}],"author":[{"embeddable":true,"href":"https:\/\/pohjanmaaralli.fi\/fi\/wp-json\/wp\/v2\/users\/2"}],"replies":[{"embeddable":true,"href":"https:\/\/pohjanmaaralli.fi\/fi\/wp-json\/wp\/v2\/comments?post=43"}],"version-history":[{"count":66,"href":"https:\/\/pohjanmaaralli.fi\/fi\/wp-json\/wp\/v2\/pages\/43\/revisions"}],"predecessor-version":[{"id":2020,"href":"https:\/\/pohjanmaaralli.fi\/fi\/wp-json\/wp\/v2\/pages\/43\/revisions\/2020"}],"wp:attachment":[{"href":"https:\/\/pohjanmaaralli.fi\/fi\/wp-json\/wp\/v2\/media?parent=43"}],"curies":[{"name":"wp","href":"https:\/\/api.w.org\/{rel}","templated":true}]}}