{"id":656,"date":"2019-06-05T22:06:49","date_gmt":"2019-06-05T19:06:49","guid":{"rendered":"http:\/\/pohjanmaaralli.fi\/fi\/?page_id=656"},"modified":"2026-02-15T17:30:38","modified_gmt":"2026-02-15T15:30:38","slug":"virtuaalinen-ilmoitustaulu","status":"publish","type":"page","link":"https:\/\/pohjanmaaralli.fi\/fi\/virtuaalinen-ilmoitustaulu\/","title":{"rendered":"Virallinen ilmoitustaulu \/ Official notice board"},"content":{"rendered":"\r\n<p>&nbsp;<\/p>\r\n\r\n\r\n\r\n<p>Tiedot MRF Pohjanmaa Rallin ilmoitustaulusta julkaistaan t\u00e4ll\u00e4 sivulla my\u00f6hemmin.<\/p>\r\n<p>Virtuaalinen virallinen ilmoitustaulu on saataville <a href=\"https:\/\/webapp.sportity.com\/channel\/SPKYRO25\" target=\"_blank\" rel=\"noreferrer noopener\" aria-label=\"Sportity\">Sportity<\/a>-palvelun ja mobiilisovelluksen kautta. Sovelluksessa ilmoitustaulun l\u00f6yd\u00e4t koodilla SPKYRO25.<\/p>\r\n\r\n<div class=\"wp-block-coblocks-row alignfull coblocks-row-06174719469\" data-columns=\"1\" data-layout=\"100\">\r\n<div class=\"wp-block-coblocks-row__inner has-no-padding has-no-margin is-stacked-on-mobile has-medium-gutter\">\r\n<div class=\"wp-block-coblocks-column coblocks-column-06174722915\" style=\"width: 100%;\">\r\n<div class=\"wp-block-coblocks-column__inner has-no-padding has-no-margin\"><iframe class=\"\" style=\"width: 100%; max-width: 100%; height: 500px;\" src=\"https:\/\/webapp.sportity.com\/channel\/SPKYRO25\" frameborder=\"0\" allowfullscreen=\"allowfullscreen\"><\/iframe><\/div>\r\n<\/div>\r\n<\/div>\r\n<\/div>\r\n<p>&nbsp;<\/p>\r\n\r\n<p>&nbsp;<\/p>\r\n","protected":false},"excerpt":{"rendered":"<p>&nbsp; Tiedot MRF Pohjanmaa Rallin ilmoitustaulusta julkaistaan t\u00e4ll\u00e4 sivulla my\u00f6hemmin. Virtuaalinen virallinen ilmoitustaulu on saataville Sportity-palvelun ja mobiilisovelluksen kautta. Sovelluksessa ilmoitustaulun l\u00f6yd\u00e4t koodilla SPKYRO25. &nbsp; &nbsp;<\/p>\n","protected":false},"author":2,"featured_media":0,"parent":0,"menu_order":0,"comment_status":"closed","ping_status":"closed","template":"","meta":{"_kad_blocks_custom_css":"","_kad_blocks_head_custom_js":"","_kad_blocks_body_custom_js":"","_kad_blocks_footer_custom_js":"","_kadence_starter_templates_imported_post":false,"_kad_post_transparent":"default","_kad_post_title":"default","_kad_post_layout":"default","_kad_post_sidebar_id":"","_kad_post_content_style":"default","_kad_post_vertical_padding":"default","_kad_post_feature":"","_kad_post_feature_position":"","_kad_post_header":false,"_kad_post_footer":false,"footnotes":""},"yoast_head":"<!-- This site is optimized with the Yoast SEO plugin v21.7 - https:\/\/yoast.com\/wordpress\/plugins\/seo\/ -->\n<title>Virallinen ilmoitustaulu \/ Official notice board - Pohjanmaa-ralli<\/title>\n<meta name=\"robots\" content=\"index, follow, max-snippet:-1, max-image-preview:large, max-video-preview:-1\" \/>\n<link rel=\"canonical\" href=\"https:\/\/pohjanmaaralli.fi\/fi\/virtuaalinen-ilmoitustaulu\/\" \/>\n<meta property=\"og:locale\" content=\"fi_FI\" \/>\n<meta property=\"og:locale:alternate\" content=\"en_US\" \/>\n<meta property=\"og:type\" content=\"article\" \/>\n<meta property=\"og:title\" content=\"Virallinen ilmoitustaulu \/ Official notice board\" \/>\n<meta property=\"og:description\" content=\"&nbsp; Tiedot MRF Pohjanmaa Rallin ilmoitustaulusta julkaistaan t\u00e4ll\u00e4 sivulla my\u00f6hemmin. Virtuaalinen virallinen ilmoitustaulu on saataville Sportity-palvelun ja mobiilisovelluksen kautta. Sovelluksessa ilmoitustaulun l\u00f6yd\u00e4t koodilla SPKYRO25. &nbsp; &nbsp;\" \/>\n<meta property=\"og:url\" content=\"https:\/\/pohjanmaaralli.fi\/fi\/virtuaalinen-ilmoitustaulu\/\" \/>\n<meta property=\"og:site_name\" content=\"Pohjanmaa-ralli\" \/>\n<meta property=\"article:publisher\" content=\"https:\/\/fi-fi.facebook.com\/smpohjanmaaralli\/\" \/>\n<meta property=\"article:modified_time\" content=\"2026-02-15T15:30:38+00:00\" \/>\n<meta name=\"twitter:card\" content=\"summary_large_image\" \/>\n<meta name=\"twitter:label1\" content=\"Arvioitu lukuaika\" \/>\n\t<meta name=\"twitter:data1\" content=\"1 minuutti\" \/>\n<script type=\"application\/ld+json\" class=\"yoast-schema-graph\">{\"@context\":\"https:\/\/schema.org\",\"@graph\":[{\"@type\":\"WebPage\",\"@id\":\"https:\/\/pohjanmaaralli.fi\/en\/virtuaalinen-ilmoitustaulu\/\",\"url\":\"https:\/\/pohjanmaaralli.fi\/en\/virtuaalinen-ilmoitustaulu\/\",\"name\":\"Virallinen ilmoitustaulu \/ Official notice board\",\"isPartOf\":{\"@id\":\"https:\/\/pohjanmaaralli.fi\/fi\/#website\"},\"datePublished\":\"2019-06-05T19:06:49+00:00\",\"dateModified\":\"2026-02-15T15:30:38+00:00\",\"breadcrumb\":{\"@id\":\"https:\/\/pohjanmaaralli.fi\/en\/virtuaalinen-ilmoitustaulu\/#breadcrumb\"},\"inLanguage\":\"fi\",\"potentialAction\":[{\"@type\":\"ReadAction\",\"target\":[\"https:\/\/pohjanmaaralli.fi\/en\/virtuaalinen-ilmoitustaulu\/\"]}]},{\"@type\":\"BreadcrumbList\",\"@id\":\"https:\/\/pohjanmaaralli.fi\/en\/virtuaalinen-ilmoitustaulu\/#breadcrumb\",\"itemListElement\":[{\"@type\":\"ListItem\",\"position\":1,\"name\":\"Home\",\"item\":\"https:\/\/pohjanmaaralli.fi\/en\/\"},{\"@type\":\"ListItem\",\"position\":2,\"name\":\"Virallinen ilmoitustaulu \/ Official notice board\"}]},{\"@type\":\"WebSite\",\"@id\":\"https:\/\/pohjanmaaralli.fi\/fi\/#website\",\"url\":\"https:\/\/pohjanmaaralli.fi\/fi\/\",\"name\":\"Pohjanmaaralli\",\"description\":\"\",\"publisher\":{\"@id\":\"https:\/\/pohjanmaaralli.fi\/fi\/#organization\"},\"potentialAction\":[{\"@type\":\"SearchAction\",\"target\":{\"@type\":\"EntryPoint\",\"urlTemplate\":\"https:\/\/pohjanmaaralli.fi\/fi\/?s={search_term_string}\"},\"query-input\":\"required name=search_term_string\"}],\"inLanguage\":\"fi\"},{\"@type\":\"Organization\",\"@id\":\"https:\/\/pohjanmaaralli.fi\/fi\/#organization\",\"name\":\"Pohjanmaa Ralli ry\",\"url\":\"https:\/\/pohjanmaaralli.fi\/fi\/\",\"logo\":{\"@type\":\"ImageObject\",\"inLanguage\":\"fi\",\"@id\":\"https:\/\/pohjanmaaralli.fi\/fi\/#\/schema\/logo\/image\/\",\"url\":\"https:\/\/pohjanmaaralli.fi\/wp-content\/uploads\/2023\/12\/cropped-Pohjanmaa-ralli-logo-hehku-web-1.png\",\"contentUrl\":\"https:\/\/pohjanmaaralli.fi\/wp-content\/uploads\/2023\/12\/cropped-Pohjanmaa-ralli-logo-hehku-web-1.png\",\"width\":600,\"height\":563,\"caption\":\"Pohjanmaa Ralli ry\"},\"image\":{\"@id\":\"https:\/\/pohjanmaaralli.fi\/fi\/#\/schema\/logo\/image\/\"},\"sameAs\":[\"https:\/\/fi-fi.facebook.com\/smpohjanmaaralli\/\",\"https:\/\/www.instagram.com\/pohjanmaa_ralli\/?hl=fi\"]}]}<\/script>\n<!-- \/ Yoast SEO plugin. -->","yoast_head_json":{"title":"Virallinen ilmoitustaulu \/ Official notice board - Pohjanmaa-ralli","robots":{"index":"index","follow":"follow","max-snippet":"max-snippet:-1","max-image-preview":"max-image-preview:large","max-video-preview":"max-video-preview:-1"},"canonical":"https:\/\/pohjanmaaralli.fi\/fi\/virtuaalinen-ilmoitustaulu\/","og_locale":"fi_FI","og_type":"article","og_title":"[:fi]Virallinen ilmoitustaulu \/ Official notice board[:en]Virallinen ilmoitustaulu \/ Official notice board[:] - Pohjanmaa-ralli","og_description":"&nbsp; Tiedot MRF Pohjanmaa Rallin ilmoitustaulusta julkaistaan t\u00e4ll\u00e4 sivulla my\u00f6hemmin. Virtuaalinen virallinen ilmoitustaulu on saataville Sportity-palvelun ja mobiilisovelluksen kautta. Sovelluksessa ilmoitustaulun l\u00f6yd\u00e4t koodilla SPKYRO25. &nbsp; &nbsp;","og_url":"https:\/\/pohjanmaaralli.fi\/fi\/virtuaalinen-ilmoitustaulu\/","og_site_name":"Pohjanmaa-ralli","article_publisher":"https:\/\/fi-fi.facebook.com\/smpohjanmaaralli\/","article_modified_time":"2026-02-15T15:30:38+00:00","twitter_card":"summary_large_image","twitter_misc":{"Arvioitu lukuaika":"1 minuutti"},"schema":{"@context":"https:\/\/schema.org","@graph":[{"@type":"WebPage","@id":"https:\/\/pohjanmaaralli.fi\/en\/virtuaalinen-ilmoitustaulu\/","url":"https:\/\/pohjanmaaralli.fi\/en\/virtuaalinen-ilmoitustaulu\/","name":"Virallinen ilmoitustaulu \/ Official notice board","isPartOf":{"@id":"https:\/\/pohjanmaaralli.fi\/fi\/#website"},"datePublished":"2019-06-05T19:06:49+00:00","dateModified":"2026-02-15T15:30:38+00:00","breadcrumb":{"@id":"https:\/\/pohjanmaaralli.fi\/en\/virtuaalinen-ilmoitustaulu\/#breadcrumb"},"inLanguage":"fi","potentialAction":[{"@type":"ReadAction","target":["https:\/\/pohjanmaaralli.fi\/en\/virtuaalinen-ilmoitustaulu\/"]}]},{"@type":"BreadcrumbList","@id":"https:\/\/pohjanmaaralli.fi\/en\/virtuaalinen-ilmoitustaulu\/#breadcrumb","itemListElement":[{"@type":"ListItem","position":1,"name":"Home","item":"https:\/\/pohjanmaaralli.fi\/en\/"},{"@type":"ListItem","position":2,"name":"Virallinen ilmoitustaulu \/ Official notice board"}]},{"@type":"WebSite","@id":"https:\/\/pohjanmaaralli.fi\/fi\/#website","url":"https:\/\/pohjanmaaralli.fi\/fi\/","name":"Pohjanmaaralli","description":"","publisher":{"@id":"https:\/\/pohjanmaaralli.fi\/fi\/#organization"},"potentialAction":[{"@type":"SearchAction","target":{"@type":"EntryPoint","urlTemplate":"https:\/\/pohjanmaaralli.fi\/fi\/?s={search_term_string}"},"query-input":"required name=search_term_string"}],"inLanguage":"fi"},{"@type":"Organization","@id":"https:\/\/pohjanmaaralli.fi\/fi\/#organization","name":"Pohjanmaa Ralli ry","url":"https:\/\/pohjanmaaralli.fi\/fi\/","logo":{"@type":"ImageObject","inLanguage":"fi","@id":"https:\/\/pohjanmaaralli.fi\/fi\/#\/schema\/logo\/image\/","url":"https:\/\/pohjanmaaralli.fi\/wp-content\/uploads\/2023\/12\/cropped-Pohjanmaa-ralli-logo-hehku-web-1.png","contentUrl":"https:\/\/pohjanmaaralli.fi\/wp-content\/uploads\/2023\/12\/cropped-Pohjanmaa-ralli-logo-hehku-web-1.png","width":600,"height":563,"caption":"Pohjanmaa Ralli ry"},"image":{"@id":"https:\/\/pohjanmaaralli.fi\/fi\/#\/schema\/logo\/image\/"},"sameAs":["https:\/\/fi-fi.facebook.com\/smpohjanmaaralli\/","https:\/\/www.instagram.com\/pohjanmaa_ralli\/?hl=fi"]}]}},"taxonomy_info":[],"featured_image_src_large":false,"author_info":{"display_name":"Pohjanmaa Ralli","author_link":"https:\/\/pohjanmaaralli.fi\/fi\/author\/kristiina\/"},"comment_info":0,"_links":{"self":[{"href":"https:\/\/pohjanmaaralli.fi\/fi\/wp-json\/wp\/v2\/pages\/656"}],"collection":[{"href":"https:\/\/pohjanmaaralli.fi\/fi\/wp-json\/wp\/v2\/pages"}],"about":[{"href":"https:\/\/pohjanmaaralli.fi\/fi\/wp-json\/wp\/v2\/types\/page"}],"author":[{"embeddable":true,"href":"https:\/\/pohjanmaaralli.fi\/fi\/wp-json\/wp\/v2\/users\/2"}],"replies":[{"embeddable":true,"href":"https:\/\/pohjanmaaralli.fi\/fi\/wp-json\/wp\/v2\/comments?post=656"}],"version-history":[{"count":181,"href":"https:\/\/pohjanmaaralli.fi\/fi\/wp-json\/wp\/v2\/pages\/656\/revisions"}],"predecessor-version":[{"id":1997,"href":"https:\/\/pohjanmaaralli.fi\/fi\/wp-json\/wp\/v2\/pages\/656\/revisions\/1997"}],"wp:attachment":[{"href":"https:\/\/pohjanmaaralli.fi\/fi\/wp-json\/wp\/v2\/media?parent=656"}],"curies":[{"name":"wp","href":"https:\/\/api.w.org\/{rel}","templated":true}]}}